{"id":1339,"date":"2024-01-13T21:17:50","date_gmt":"2024-01-13T20:17:50","guid":{"rendered":"https:\/\/ecoavenirconseil.fr\/?page_id=1339"},"modified":"2025-07-07T08:23:01","modified_gmt":"2025-07-07T06:23:01","slug":"formation-arbre-des-causes-toulouse","status":"publish","type":"page","link":"https:\/\/ecoavenirconseil.fr\/index.php\/formation-arbre-des-causes-toulouse\/","title":{"rendered":"Formation Arbre des causes"},"content":{"rendered":"<h1>Formation Arbre des Causes<\/h1>\n<h2>Code Formation  Arbre des causes F017<\/h2>\n<h3>La formation Arbre des causes vous permettra d&rsquo;analyse les causes d&rsquo;un accident et de tirer les enseignements n\u00e9cessaires \u00e0 une d\u00e9marche S&amp;ST<\/h3>\n<h3>\n\t\t\t\t\t\tPr\u00e9ambule<\/h3>\n<p>La m\u00e9thode de l\u2019Arbre des Causes, d\u00e9marche mise au point par l&rsquo;<a style=\"background-color: #ffffff;\" href=\"https:\/\/www.inrs.fr\/\" target=\"_blank\" rel=\"noopener\">INRS\u00a0<\/a>dans les ann\u00e9es 70, permet de mettre en lumi\u00e8re les causes racines \u00e0 l&rsquo;origine d&rsquo;un accident\/incident du travail.\u00a0 Cette m\u00e9thode\u00a0permet de d\u00e9finir des mesures efficaces et durables de pr\u00e9vention. Cette m\u00e9thode tend \u00e0 sensibiliser les salari\u00e9s \u00e0 tous les niveaux hi\u00e9rarchiques, pour traiter directement les probl\u00e8mes de s\u00e9curit\u00e9 \u00e0 l\u2019\u00e9chelon concern\u00e9 dans le souci de la plus grande efficacit\u00e9. La m\u00e9thode est d\u2019acc\u00e8s ais\u00e9, et peut \u00eatre mise en pratique par tous.<\/p>\n<h2>Objectifs<\/h2>\n<h3>\n\t\t\t\t\t\tMaitriser la pratique de l\u2019analyse post accident par la m\u00e9thode de l\u2019arbre des causes<\/h3>\n<h3>\n\t\t\t\t\t\tUtiliser cet outil dans la pr\u00e9vention des accidents et incidents du travail<\/h3>\n<h3>\n\t\t\t\t\t\tTirer les enseignements n\u00e9cessaires en termes de corrections imm\u00e9diates<\/h3>\n<h2>Programme de la formation Arbre des causes<\/h2>\n<h3>\n\t\t\t\t\t\tContenu<\/h3>\n<h3>Introduction \u00e0 la formation Arbres des causes et Rappels<\/h3>\n<ul>\n<li>D\u00e9finitions et distinctions entre accident de travail, de trajet, maladie professionnelle&#8230; Les cons\u00e9quences d\u2019un accident du travail (et l\u2019obligation de r\u00e9sultat de l\u2019employeur)<\/li>\n<li>Pr\u00e9sentation de la m\u00e9thode Arbre des causes<\/li>\n<\/ul>\n<h3>Pr\u00e9sentation de la m\u00e9thode<\/h3>\n<ul>\n<li>La structure du groupe de travail et les comp\u00e9tences recherch\u00e9es<\/li>\n<li>Le recueil des faits et informations (fait, et non jugement ou opinion&#8230;)<\/li>\n<li>Elaboration de l\u2019arbre des ant\u00e9c\u00e9dents (ou arbre des causes)<\/li>\n<li>Choix et formulation des mesures correctives adapt\u00e9es<\/li>\n<li>Mise en \u00e9vidence et formulation des facteurs potentiels d\u2019accidents, en vue de la d\u00e9tection pr\u00e9coce des risques<\/li>\n<\/ul>\n<h3>Comment construire un arbre des causes<\/h3>\n<ul>\n<li>En partant d\u2019un exemple concret d\u2019accident, les participants seront amen\u00e9s \u00e0\u00a0:<\/li>\n<li style=\"list-style-type: none;\">\n<ul>\n<li>Lister les faits<\/li>\n<li>Construire l\u2019arbre en partant du fait ultime, et en se posant, pour chaque \u00e9v\u00e8nement, les questions appropri\u00e9es (organisation de l\u2019atelier\u00a0? R\u00e9partition des t\u00e2ches\u00a0? Moyens mis \u00e0 disposition\u00a0? Contenu du poste de travail\u00a0? Chronologie des op\u00e9rations\u00a0? Que s\u2019est-il pass\u00e9 apr\u00e8s l\u2019accident\u00a0? Les machines et mat\u00e9riels sont-ils conformes aux r\u00e8gles de s\u00e9curit\u00e9\u00a0? \u2026)<\/li>\n<li>Etablir l\u2019ordonnancement sch\u00e9matique (diagramme) causes et en tirer les conclusions quant \u00e0 leur origine (mat\u00e9rielle, technique, humaine, organisationnelle\u2026)<\/li>\n<li>Consid\u00e9rer les mesures raisonnablement applicables pour \u00e9viter le retour d\u2019un tel accident<\/li>\n<\/ul>\n<\/li>\n<li>D\u00e9velopper le r\u00e9flexe de la pr\u00e9vention dans d\u2019autres secteurs ou activit\u00e9s pour anticiper le risque d\u2019accident<\/li>\n<\/ul>\n<h3>\n\t\t\t\t\t\tDur\u00e9e<\/h3>\n<p>1 jour, soit 7h de formation<\/p>\n<h3>\n\t\t\t\t\t\tStagiaires\/ Apprenants<\/h3>\n<p>3 \u00e0 8 maximum<\/p>\n<h3>\n\t\t\t\t\t\tCo\u00fbt<\/h3>\n<p>Inter : 350\u20ac\/ personne<br style=\"white-space-collapse: preserve;\" \/>Intra : 1050\u20ac\/groupe<\/p>\n<h3>\n\t\t\t\t\t\tPr\u00e9-requis<\/h3>\n<p>La maitrise des risques professionnels est\u00a0souhaitable pour suivre la formation arbre des\u00a0causes<\/p>\n<h3>\n\t\t\t\t\t\tProfil des participants<\/h3>\n<ul>\n<li>Elus du personnel<\/li>\n<li>Techniciens, animateurs, responsables QSE<\/li>\n<\/ul>\n<h3>\n\t\t\t\t\t\tModalit\u00e9s p\u00e9dagogiques<\/h3>\n<ul>\n<li>Apports th\u00e9oriques et pratiques<\/li>\n<li>Echanges interactifs<\/li>\n<li>Exercices pratiques et \u00e9tude de cas sous format papier<\/li>\n<li>Support de cours formation sous format \u00e9lectronique<\/li>\n<\/ul>\n<h3>\n\t\t\t\t\t\tModalit\u00e9s d&rsquo;\u00e9valuation<\/h3>\n<p>Quizz en fin de la formation<\/p>\n<h3>\n\t\t\t\t\t\tDocuments \u00e0 l&rsquo;issue de la formation<\/h3>\n<p>Attestation de formation<\/p>\n<h3>\n\t\t\t\t\t\tDates et lieux<\/h3>\n<ul>\n<li>Intra : Dans vos locaux ou en Visio, selon vos disponibilit\u00e9s<\/li>\n<li>Inter : en pr\u00e9sentiel ou en classe virtuelle: nous demander la p\u00e9riode souhait\u00e9 par devis ci-dessous<\/li>\n<\/ul>\n<h3>\n\t\t\t\t\t\tProfil du formateur<\/h3>\n<p><a href=\"https:\/\/www.linkedin.com\/in\/fabiennedoukirossi\/\">Fabienne Douki<\/a>, Consultante et formatrice, habilit\u00e9e IPRP (Intervenante en Pr\u00e9vention des Risques Professionnels)<\/p>\n<p><a href=\"https:\/\/ecoavenirconseil.fr\/index.php\/conseil-qse-toulouse-occitanie\/\" role=\"button\"><br \/>\nDemander un devis<br \/>\n<\/a><\/p>\n","protected":false},"excerpt":{"rendered":"<p>Formation Arbre des Causes Code Formation Arbre des causes F017 La formation Arbre des causes vous permettra d&rsquo;analyse les causes d&rsquo;un accident et de tirer les enseignements n\u00e9cessaires \u00e0 une d\u00e9marche S&amp;ST Pr\u00e9ambule La m\u00e9thode de l\u2019Arbre des Causes, d\u00e9marche mise au point par l&rsquo;INRS\u00a0dans les ann\u00e9es 70, permet de mettre en lumi\u00e8re les causes [&hellip;]<\/p>\n","protected":false},"author":1,"featured_media":0,"parent":0,"menu_order":0,"comment_status":"closed","ping_status":"closed","template":"","meta":{"site-sidebar-layout":"no-sidebar","site-content-layout":"page-builder","ast-site-content-layout":"default","site-content-style":"default","site-sidebar-style":"default","ast-global-header-display":"","ast-banner-title-visibility":"","ast-main-header-display":"disabled","ast-hfb-above-header-display":"","ast-hfb-below-header-display":"","ast-hfb-mobile-header-display":"disabled","site-post-title":"disabled","ast-breadcrumbs-content":"disabled","ast-featured-img":"disabled","footer-sml-layout":"disabled","theme-transparent-header-meta":"default","adv-header-id-meta":"","stick-header-meta":"","header-above-stick-meta":"","header-main-stick-meta":"","header-below-stick-meta":"","astra-migrate-meta-layouts":"default","ast-page-background-enabled":"default","ast-page-background-meta":{"desktop":{"background-color":"","background-image":"","background-repeat":"repeat","background-position":"center center","background-size":"auto","background-attachment":"scroll","background-type":"","background-media":"","overlay-type":"","overlay-color":"","overlay-opacity":"","overlay-gradient":""},"tablet":{"background-color":"","background-image":"","background-repeat":"repeat","background-position":"center center","background-size":"auto","background-attachment":"scroll","background-type":"","background-media":"","overlay-type":"","overlay-color":"","overlay-opacity":"","overlay-gradient":""},"mobile":{"background-color":"","background-image":"","background-repeat":"repeat","background-position":"center center","background-size":"auto","background-attachment":"scroll","background-type":"","background-media":"","overlay-type":"","overlay-color":"","overlay-opacity":"","overlay-gradient":""}},"ast-content-background-meta":{"desktop":{"background-color":"var(--ast-global-color-5)","background-image":"","background-repeat":"repeat","background-position":"center center","background-size":"auto","background-attachment":"scroll","background-type":"","background-media":"","overlay-type":"","overlay-color":"","overlay-opacity":"","overlay-gradient":""},"tablet":{"background-color":"var(--ast-global-color-5)","background-image":"","background-repeat":"repeat","background-position":"center center","background-size":"auto","background-attachment":"scroll","background-type":"","background-media":"","overlay-type":"","overlay-color":"","overlay-opacity":"","overlay-gradient":""},"mobile":{"background-color":"var(--ast-global-color-5)","background-image":"","background-repeat":"repeat","background-position":"center center","background-size":"auto","background-attachment":"scroll","background-type":"","background-media":"","overlay-type":"","overlay-color":"","overlay-opacity":"","overlay-gradient":""}},"footnotes":""},"class_list":["post-1339","page","type-page","status-publish","hentry"],"yoast_head":"<!-- This site is optimized with the Yoast SEO plugin v27.4 - https:\/\/yoast.com\/product\/yoast-seo-wordpress\/ -->\n<title>Formation Arbre des Causes Toulouse<\/title>\n<meta name=\"description\" content=\"La formation Arbre des causes vous permettra d&#039;analyser les causes d&#039;un accident et d&#039;\u00eatre dans une d\u00e9marche d&#039;am\u00e9lioration continue S&amp;ST\" \/>\n<meta name=\"robots\" content=\"index, follow, max-snippet:-1, max-image-preview:large, max-video-preview:-1\" \/>\n<link rel=\"canonical\" href=\"https:\/\/ecoavenirconseil.fr\/index.php\/formation-arbre-des-causes-toulouse\/\" \/>\n<meta property=\"og:locale\" content=\"fr_FR\" \/>\n<meta property=\"og:type\" content=\"article\" \/>\n<meta property=\"og:title\" content=\"Formation Arbre des Causes Toulouse\" \/>\n<meta property=\"og:description\" content=\"La formation Arbre des causes vous permettra d&#039;analyser les causes d&#039;un accident et d&#039;\u00eatre dans une d\u00e9marche d&#039;am\u00e9lioration continue S&amp;ST\" \/>\n<meta property=\"og:url\" content=\"https:\/\/ecoavenirconseil.fr\/index.php\/formation-arbre-des-causes-toulouse\/\" \/>\n<meta property=\"og:site_name\" content=\"Eco Avenir Conseil- Conseil en QSE RSE Toulouse\" \/>\n<meta property=\"article:publisher\" content=\"https:\/\/www.facebook.com\/EcoAvenirConseil\" \/>\n<meta property=\"article:modified_time\" content=\"2025-07-07T06:23:01+00:00\" \/>\n<meta name=\"twitter:card\" content=\"summary_large_image\" \/>\n<meta name=\"twitter:site\" content=\"@EcoAvenirConsei\" \/>\n<meta name=\"twitter:label1\" content=\"Dur\u00e9e de lecture estim\u00e9e\" \/>\n\t<meta name=\"twitter:data1\" content=\"3 minutes\" \/>\n<script type=\"application\/ld+json\" class=\"yoast-schema-graph\">{\"@context\":\"https:\\\/\\\/schema.org\",\"@graph\":[{\"@type\":\"WebPage\",\"@id\":\"https:\\\/\\\/ecoavenirconseil.fr\\\/index.php\\\/formation-arbre-des-causes-toulouse\\\/\",\"url\":\"https:\\\/\\\/ecoavenirconseil.fr\\\/index.php\\\/formation-arbre-des-causes-toulouse\\\/\",\"name\":\"Formation Arbre des Causes Toulouse\",\"isPartOf\":{\"@id\":\"https:\\\/\\\/ecoavenirconseil.fr\\\/#website\"},\"datePublished\":\"2024-01-13T20:17:50+00:00\",\"dateModified\":\"2025-07-07T06:23:01+00:00\",\"description\":\"La formation Arbre des causes vous permettra d'analyser les causes d'un accident et d'\u00eatre dans une d\u00e9marche d'am\u00e9lioration continue S&ST\",\"breadcrumb\":{\"@id\":\"https:\\\/\\\/ecoavenirconseil.fr\\\/index.php\\\/formation-arbre-des-causes-toulouse\\\/#breadcrumb\"},\"inLanguage\":\"fr-FR\",\"potentialAction\":[{\"@type\":\"ReadAction\",\"target\":[\"https:\\\/\\\/ecoavenirconseil.fr\\\/index.php\\\/formation-arbre-des-causes-toulouse\\\/\"]}]},{\"@type\":\"BreadcrumbList\",\"@id\":\"https:\\\/\\\/ecoavenirconseil.fr\\\/index.php\\\/formation-arbre-des-causes-toulouse\\\/#breadcrumb\",\"itemListElement\":[{\"@type\":\"ListItem\",\"position\":1,\"name\":\"Accueil\",\"item\":\"https:\\\/\\\/ecoavenirconseil.fr\\\/\"},{\"@type\":\"ListItem\",\"position\":2,\"name\":\"Formation Arbre des causes\"}]},{\"@type\":\"WebSite\",\"@id\":\"https:\\\/\\\/ecoavenirconseil.fr\\\/#website\",\"url\":\"https:\\\/\\\/ecoavenirconseil.fr\\\/\",\"name\":\"Eco Avenir Conseil- Conseil en QSE RSE Toulouse\",\"description\":\"Cabinet conseil en Qualit\u00e9 S\u00e9curit\u00e9 Environnement RSE proche de Toulouse\",\"publisher\":{\"@id\":\"https:\\\/\\\/ecoavenirconseil.fr\\\/#organization\"},\"potentialAction\":[{\"@type\":\"SearchAction\",\"target\":{\"@type\":\"EntryPoint\",\"urlTemplate\":\"https:\\\/\\\/ecoavenirconseil.fr\\\/?s={search_term_string}\"},\"query-input\":{\"@type\":\"PropertyValueSpecification\",\"valueRequired\":true,\"valueName\":\"search_term_string\"}}],\"inLanguage\":\"fr-FR\"},{\"@type\":\"Organization\",\"@id\":\"https:\\\/\\\/ecoavenirconseil.fr\\\/#organization\",\"name\":\"Eco Avenir Conseil- Conseil en QSE RSE Toulouse\",\"url\":\"https:\\\/\\\/ecoavenirconseil.fr\\\/\",\"logo\":{\"@type\":\"ImageObject\",\"inLanguage\":\"fr-FR\",\"@id\":\"https:\\\/\\\/ecoavenirconseil.fr\\\/#\\\/schema\\\/logo\\\/image\\\/\",\"url\":\"https:\\\/\\\/ecoavenirconseil.fr\\\/wp-content\\\/uploads\\\/2021\\\/06\\\/cropped-Logo.png\",\"contentUrl\":\"https:\\\/\\\/ecoavenirconseil.fr\\\/wp-content\\\/uploads\\\/2021\\\/06\\\/cropped-Logo.png\",\"width\":177,\"height\":188,\"caption\":\"Eco Avenir Conseil- Conseil en QSE RSE Toulouse\"},\"image\":{\"@id\":\"https:\\\/\\\/ecoavenirconseil.fr\\\/#\\\/schema\\\/logo\\\/image\\\/\"},\"sameAs\":[\"https:\\\/\\\/www.facebook.com\\\/EcoAvenirConseil\",\"https:\\\/\\\/x.com\\\/EcoAvenirConsei\",\"https:\\\/\\\/www.linkedin.com\\\/company\\\/eco-avenir-conseil\"]}]}<\/script>\n<!-- \/ Yoast SEO plugin. -->","yoast_head_json":{"title":"Formation Arbre des Causes Toulouse","description":"La formation Arbre des causes vous permettra d'analyser les causes d'un accident et d'\u00eatre dans une d\u00e9marche d'am\u00e9lioration continue S&ST","robots":{"index":"index","follow":"follow","max-snippet":"max-snippet:-1","max-image-preview":"max-image-preview:large","max-video-preview":"max-video-preview:-1"},"canonical":"https:\/\/ecoavenirconseil.fr\/index.php\/formation-arbre-des-causes-toulouse\/","og_locale":"fr_FR","og_type":"article","og_title":"Formation Arbre des Causes Toulouse","og_description":"La formation Arbre des causes vous permettra d'analyser les causes d'un accident et d'\u00eatre dans une d\u00e9marche d'am\u00e9lioration continue S&ST","og_url":"https:\/\/ecoavenirconseil.fr\/index.php\/formation-arbre-des-causes-toulouse\/","og_site_name":"Eco Avenir Conseil- Conseil en QSE RSE Toulouse","article_publisher":"https:\/\/www.facebook.com\/EcoAvenirConseil","article_modified_time":"2025-07-07T06:23:01+00:00","twitter_card":"summary_large_image","twitter_site":"@EcoAvenirConsei","twitter_misc":{"Dur\u00e9e de lecture estim\u00e9e":"3 minutes"},"schema":{"@context":"https:\/\/schema.org","@graph":[{"@type":"WebPage","@id":"https:\/\/ecoavenirconseil.fr\/index.php\/formation-arbre-des-causes-toulouse\/","url":"https:\/\/ecoavenirconseil.fr\/index.php\/formation-arbre-des-causes-toulouse\/","name":"Formation Arbre des Causes Toulouse","isPartOf":{"@id":"https:\/\/ecoavenirconseil.fr\/#website"},"datePublished":"2024-01-13T20:17:50+00:00","dateModified":"2025-07-07T06:23:01+00:00","description":"La formation Arbre des causes vous permettra d'analyser les causes d'un accident et d'\u00eatre dans une d\u00e9marche d'am\u00e9lioration continue S&ST","breadcrumb":{"@id":"https:\/\/ecoavenirconseil.fr\/index.php\/formation-arbre-des-causes-toulouse\/#breadcrumb"},"inLanguage":"fr-FR","potentialAction":[{"@type":"ReadAction","target":["https:\/\/ecoavenirconseil.fr\/index.php\/formation-arbre-des-causes-toulouse\/"]}]},{"@type":"BreadcrumbList","@id":"https:\/\/ecoavenirconseil.fr\/index.php\/formation-arbre-des-causes-toulouse\/#breadcrumb","itemListElement":[{"@type":"ListItem","position":1,"name":"Accueil","item":"https:\/\/ecoavenirconseil.fr\/"},{"@type":"ListItem","position":2,"name":"Formation Arbre des causes"}]},{"@type":"WebSite","@id":"https:\/\/ecoavenirconseil.fr\/#website","url":"https:\/\/ecoavenirconseil.fr\/","name":"Eco Avenir Conseil- Conseil en QSE RSE Toulouse","description":"Cabinet conseil en Qualit\u00e9 S\u00e9curit\u00e9 Environnement RSE proche de Toulouse","publisher":{"@id":"https:\/\/ecoavenirconseil.fr\/#organization"},"potentialAction":[{"@type":"SearchAction","target":{"@type":"EntryPoint","urlTemplate":"https:\/\/ecoavenirconseil.fr\/?s={search_term_string}"},"query-input":{"@type":"PropertyValueSpecification","valueRequired":true,"valueName":"search_term_string"}}],"inLanguage":"fr-FR"},{"@type":"Organization","@id":"https:\/\/ecoavenirconseil.fr\/#organization","name":"Eco Avenir Conseil- Conseil en QSE RSE Toulouse","url":"https:\/\/ecoavenirconseil.fr\/","logo":{"@type":"ImageObject","inLanguage":"fr-FR","@id":"https:\/\/ecoavenirconseil.fr\/#\/schema\/logo\/image\/","url":"https:\/\/ecoavenirconseil.fr\/wp-content\/uploads\/2021\/06\/cropped-Logo.png","contentUrl":"https:\/\/ecoavenirconseil.fr\/wp-content\/uploads\/2021\/06\/cropped-Logo.png","width":177,"height":188,"caption":"Eco Avenir Conseil- Conseil en QSE RSE Toulouse"},"image":{"@id":"https:\/\/ecoavenirconseil.fr\/#\/schema\/logo\/image\/"},"sameAs":["https:\/\/www.facebook.com\/EcoAvenirConseil","https:\/\/x.com\/EcoAvenirConsei","https:\/\/www.linkedin.com\/company\/eco-avenir-conseil"]}]}},"_links":{"self":[{"href":"https:\/\/ecoavenirconseil.fr\/index.php\/wp-json\/wp\/v2\/pages\/1339","targetHints":{"allow":["GET"]}}],"collection":[{"href":"https:\/\/ecoavenirconseil.fr\/index.php\/wp-json\/wp\/v2\/pages"}],"about":[{"href":"https:\/\/ecoavenirconseil.fr\/index.php\/wp-json\/wp\/v2\/types\/page"}],"author":[{"embeddable":true,"href":"https:\/\/ecoavenirconseil.fr\/index.php\/wp-json\/wp\/v2\/users\/1"}],"replies":[{"embeddable":true,"href":"https:\/\/ecoavenirconseil.fr\/index.php\/wp-json\/wp\/v2\/comments?post=1339"}],"version-history":[{"count":0,"href":"https:\/\/ecoavenirconseil.fr\/index.php\/wp-json\/wp\/v2\/pages\/1339\/revisions"}],"wp:attachment":[{"href":"https:\/\/ecoavenirconseil.fr\/index.php\/wp-json\/wp\/v2\/media?parent=1339"}],"curies":[{"name":"wp","href":"https:\/\/api.w.org\/{rel}","templated":true}]}}