{"id":823,"date":"2024-01-12T19:54:25","date_gmt":"2024-01-12T18:54:25","guid":{"rendered":"http:\/\/ecoavenirconseil.fr\/?page_id=823"},"modified":"2024-01-12T20:31:26","modified_gmt":"2024-01-12T19:31:26","slug":"conseil-qse-rse-toulouse","status":"publish","type":"page","link":"https:\/\/ecoavenirconseil.fr\/index.php\/conseil-qse-rse-toulouse\/","title":{"rendered":"Mentions l\u00e9gales"},"content":{"rendered":"\t\t<div data-elementor-type=\"wp-page\" data-elementor-id=\"823\" class=\"elementor elementor-823\" data-elementor-post-type=\"page\">\n\t\t\t\t\t\t<section class=\"elementor-section elementor-top-section elementor-element elementor-element-bc1c9b7 elementor-section-boxed elementor-section-height-default elementor-section-height-default\" data-id=\"bc1c9b7\" data-element_type=\"section\" data-settings=\"{&quot;shape_divider_top&quot;:&quot;opacity-tilt&quot;,&quot;shape_divider_bottom&quot;:&quot;arrow&quot;}\">\n\t\t\t\t\t<div class=\"elementor-shape elementor-shape-top\" aria-hidden=\"true\" data-negative=\"false\">\n\t\t\t<svg xmlns=\"http:\/\/www.w3.org\/2000\/svg\" viewBox=\"0 0 2600 131.1\" preserveAspectRatio=\"none\">\n\t<path class=\"elementor-shape-fill\" d=\"M0 0L2600 0 2600 69.1 0 0z\"\/>\n\t<path class=\"elementor-shape-fill\" style=\"opacity:0.5\" d=\"M0 0L2600 0 2600 69.1 0 69.1z\"\/>\n\t<path class=\"elementor-shape-fill\" style=\"opacity:0.25\" d=\"M2600 0L0 0 0 130.1 2600 69.1z\"\/>\n<\/svg>\t\t<\/div>\n\t\t\t\t<div class=\"elementor-shape elementor-shape-bottom\" aria-hidden=\"true\" data-negative=\"false\">\n\t\t\t<svg xmlns=\"http:\/\/www.w3.org\/2000\/svg\" viewBox=\"0 0 700 10\" preserveAspectRatio=\"none\">\n\t<path class=\"elementor-shape-fill\" d=\"M350,10L340,0h20L350,10z\"\/>\n<\/svg>\t\t<\/div>\n\t\t\t\t\t<div class=\"elementor-container elementor-column-gap-default\">\n\t\t\t\t\t<div class=\"elementor-column elementor-col-100 elementor-top-column elementor-element elementor-element-57540aa\" data-id=\"57540aa\" data-element_type=\"column\">\n\t\t\t<div class=\"elementor-widget-wrap elementor-element-populated\">\n\t\t\t\t\t\t<div class=\"elementor-element elementor-element-86ddc82 elementor-widget elementor-widget-heading\" data-id=\"86ddc82\" data-element_type=\"widget\" data-widget_type=\"heading.default\">\n\t\t\t\t<div class=\"elementor-widget-container\">\n\t\t\t\t\t<h1 class=\"elementor-heading-title elementor-size-large\">Eco Avenir Conseil: Cabinet conseil en Management QSE RSE proche de Toulouse<\/h1>\t\t\t\t<\/div>\n\t\t\t\t<\/div>\n\t\t\t\t<div class=\"elementor-element elementor-element-347dff1 elementor-widget elementor-widget-heading\" data-id=\"347dff1\" data-element_type=\"widget\" data-widget_type=\"heading.default\">\n\t\t\t\t<div class=\"elementor-widget-container\">\n\t\t\t\t\t<h2 class=\"elementor-heading-title elementor-size-medium\"><a href=\"https:\/\/ecoavenirconseil.fr\/index.php\/qualite-securite-environnement-qse\/\" target=\"_blank\">Conseil Audit Formation en Qualit\u00e9 S\u00e9curit\u00e9 Environnement: ISO 9001, ISO 14001, ISO 45001, MASE<\/a><\/h2>\t\t\t\t<\/div>\n\t\t\t\t<\/div>\n\t\t\t\t<div class=\"elementor-element elementor-element-14b7578 elementor-widget elementor-widget-heading\" data-id=\"14b7578\" data-element_type=\"widget\" data-widget_type=\"heading.default\">\n\t\t\t\t<div class=\"elementor-widget-container\">\n\t\t\t\t\t<h2 class=\"elementor-heading-title elementor-size-medium\"><a href=\"https:\/\/ecoavenirconseil.fr\/index.php\/accompagnement-demarche-rse-toulouse\/\" target=\"_blank\">Conseil Audit Formation en Responsabilit\u00e9 Soci\u00e9tale RSE ISO 26000, Pacte Mondial de l'ONU, ECOVADIS,  et autres labels RSE<\/a><\/h2>\t\t\t\t<\/div>\n\t\t\t\t<\/div>\n\t\t\t\t<div class=\"elementor-element elementor-element-1ba4d34 elementor-widget elementor-widget-heading\" data-id=\"1ba4d34\" data-element_type=\"widget\" data-widget_type=\"heading.default\">\n\t\t\t\t<div class=\"elementor-widget-container\">\n\t\t\t\t\t<h2 class=\"elementor-heading-title elementor-size-medium\">Mentions L\u00e9gales<\/h2>\t\t\t\t<\/div>\n\t\t\t\t<\/div>\n\t\t\t\t<div class=\"elementor-element elementor-element-1fee85e elementor-widget elementor-widget-text-editor\" data-id=\"1fee85e\" data-element_type=\"widget\" data-widget_type=\"text-editor.default\">\n\t\t\t\t<div class=\"elementor-widget-container\">\n\t\t\t\t\t\t\t\t\t<p><strong>ECO AVENIR CONSEIL<\/strong><br \/><b>Forme :<\/b>\u00a0Soci\u00e9t\u00e9 \u00e0 responsabilit\u00e9 limit\u00e9e<br \/><b>Repr\u00e9sent\u00e9e par :<\/b>\u00a0Fabienne DOUKI<br \/><b>Si\u00e8ge social :\u00a0<\/b>11 Rue Henri Barbusse, 31270 Cugnaux<\/p><p><strong>Code APE: <\/strong>Conseil pour les affaires et autres conseils de gestion (7022Z)<br \/><b>N\u00b0 TVA intracommunautaire :<\/b>\u00a0FR39522246651<br \/><b>N\u00b0 SIRET :<\/b>\u00a0522 246 651 000 23<\/p><p><b>RCS : <\/b>Toulouse B 522\u00a0246\u00a0651<br \/><b>Directeur de la publication :<\/b>\u00a0Fabienne DOUKI<br \/><b>Email:<\/b>\u00a0contact@ecoavenirconseil.com<br \/><b>T\u00e9l. :<\/b> 06 89 35\u00a0 41 67<\/p><p><b>H\u00e9bergement :\u00a0<\/b>OVH<br \/>2 rue Kellermann &#8211; 59100 Roubaix &#8211; France<br \/>SAS au capital de 10 069 020 \u20ac<br \/><strong>RCS<\/strong> Lille M\u00e9tropole 424 761 419 00045<br \/><strong>Code APE<\/strong> 2620Z\u00a0\u00a0<br \/><strong>N\u00b0 TVA :<\/strong> FR 22 424 761 419<br \/>L\u2019Editeur, responsable du Site, se r\u00e9serve le droit de modifier unilat\u00e9ralement et \u00e0 tout moment le contenu des pr\u00e9sentes mentions l\u00e9gales.<\/p><p><strong>PROPRI\u00c9T\u00c9 INTELLECTUELLE<\/strong><\/p><p>Les marques et les logotypes figurant sur le site constituent des signes d\u00e9pos\u00e9s par l\u2019Editeur ou par des tiers\/partenaires et prot\u00e9g\u00e9s au titre du droit des marques. Toute reproduction, imitation ou usage, total ou partiel, de ces signes distinctifs sans l\u2019autorisation expresse de l\u2019Editeur et en violation des interdictions pr\u00e9vues aux articles L.713-2 et suivants du Code la propri\u00e9t\u00e9 intellectuelle engage la responsabilit\u00e9 de leur auteur au titre d\u2019actes de contrefa\u00e7on.<\/p><p>Les autres signes distinctifs, notamment les d\u00e9nominations sociales, noms commerciaux, enseignes, noms de domaine reproduits sur le site sont la propri\u00e9t\u00e9 de l\u2019Editeur ou de tiers\/partenaires, et toute reproduction sans autorisation expresse de l\u2019Editeur est susceptible d\u2019engager la responsabilit\u00e9 civile de son auteur sur le fondement de l\u2019article 1240 du Code civil.<\/p><p>Il en est de m\u00eame des \u00e9ventuelles bases de donn\u00e9es figurant sur le site Internet qui sont prot\u00e9g\u00e9es par les dispositions de la loi du 11 juillet 1998 portant transposition dans le Code de la propri\u00e9t\u00e9 intellectuelle (CPI) de la directive europ\u00e9enne du 11 mars 1996 relative \u00e0 la protection juridique des bases de donn\u00e9es.<\/p><p>Les liens hypertextes mis en place dans le cadre du site Internet en direction d\u2019autres ressources pr\u00e9sentes sur le r\u00e9seau de l\u2019Internet, et notamment vers ses partenaires ont fait l\u2019objet d\u2019une autorisation pr\u00e9alable expresse. Toute information accessible via un lien hypertexte n\u2019est pas publi\u00e9e par l\u2019Editeur du pr\u00e9sent site, celui-ci ne disposant d\u2019aucun droit portant sur les contenus mis en ligne \u00e0 travers lesdits liens.<\/p><p>Aucun lien hypertexte menant au Site ne peut \u00eatre activ\u00e9 sans l\u2019autorisation expresse et pr\u00e9alable de l\u2019Editeur.<\/p><p>Les photographies reproduisant des produits propos\u00e9s \u00e0 la vente ne sont pas contractuelles.<\/p><p><strong>RESPONSABILIT\u00c9<\/strong><\/p><p>La responsabilit\u00e9 de l\u2019Editeur ne peut \u00eatre engag\u00e9e en cas de d\u00e9faillance, panne ou interruption emp\u00eachant l\u2019acc\u00e8s au Site ou limitant son usage.<\/p><p>Le mat\u00e9riel de connexion et de navigation utilis\u00e9e rel\u00e8ve de la seule responsabilit\u00e9 de son utilisateur, lequel doit prendre toutes les mesures appropri\u00e9es pour prot\u00e9ger son mat\u00e9riel, s\u2019agissant notamment d\u2019attaques virales.<\/p><p><span style=\"font-style: inherit; font-weight: inherit; color: var( --e-global-color-text ); font-family: var( --e-global-typography-text-font-family ), Sans-serif;\">L\u2019Editeur d\u00e9cline toute responsabilit\u00e9 r\u00e9sultant d\u2019une intrusion frauduleuse d\u2019un tiers ayant entrain\u00e9 une modification des informations pr\u00e9sent\u00e9es sur le Site\u00a0<\/span><\/p>\t\t\t\t\t\t\t\t<\/div>\n\t\t\t\t<\/div>\n\t\t\t\t\t<\/div>\n\t\t<\/div>\n\t\t\t\t\t<\/div>\n\t\t<\/section>\n\t\t\t\t<\/div>\n\t\t","protected":false},"excerpt":{"rendered":"<p>Eco Avenir Conseil: Cabinet conseil en Management QSE RSE proche de Toulouse Conseil Audit Formation en Qualit\u00e9 S\u00e9curit\u00e9 Environnement: ISO 9001, ISO 14001, ISO 45001, MASE Conseil Audit Formation en Responsabilit\u00e9 Soci\u00e9tale RSE ISO 26000, Pacte Mondial de l&rsquo;ONU, ECOVADIS, et autres labels RSE Mentions L\u00e9gales ECO AVENIR CONSEILForme :\u00a0Soci\u00e9t\u00e9 \u00e0 responsabilit\u00e9 limit\u00e9eRepr\u00e9sent\u00e9e par :\u00a0Fabienne [&hellip;]<\/p>\n","protected":false},"author":1,"featured_media":0,"parent":0,"menu_order":0,"comment_status":"closed","ping_status":"closed","template":"","meta":{"site-sidebar-layout":"no-sidebar","site-content-layout":"page-builder","ast-site-content-layout":"default","site-content-style":"default","site-sidebar-style":"default","ast-global-header-display":"","ast-banner-title-visibility":"","ast-main-header-display":"disabled","ast-hfb-above-header-display":"","ast-hfb-below-header-display":"","ast-hfb-mobile-header-display":"disabled","site-post-title":"disabled","ast-breadcrumbs-content":"disabled","ast-featured-img":"disabled","footer-sml-layout":"disabled","theme-transparent-header-meta":"default","adv-header-id-meta":"","stick-header-meta":"","header-above-stick-meta":"","header-main-stick-meta":"","header-below-stick-meta":"","astra-migrate-meta-layouts":"default","ast-page-background-enabled":"default","ast-page-background-meta":{"desktop":{"background-color":"","background-image":"","background-repeat":"repeat","background-position":"center center","background-size":"auto","background-attachment":"scroll","background-type":"","background-media":"","overlay-type":"","overlay-color":"","overlay-opacity":"","overlay-gradient":""},"tablet":{"background-color":"","background-image":"","background-repeat":"repeat","background-position":"center center","background-size":"auto","background-attachment":"scroll","background-type":"","background-media":"","overlay-type":"","overlay-color":"","overlay-opacity":"","overlay-gradient":""},"mobile":{"background-color":"","background-image":"","background-repeat":"repeat","background-position":"center center","background-size":"auto","background-attachment":"scroll","background-type":"","background-media":"","overlay-type":"","overlay-color":"","overlay-opacity":"","overlay-gradient":""}},"ast-content-background-meta":{"desktop":{"background-color":"var(--ast-global-color-5)","background-image":"","background-repeat":"repeat","background-position":"center center","background-size":"auto","background-attachment":"scroll","background-type":"","background-media":"","overlay-type":"","overlay-color":"","overlay-opacity":"","overlay-gradient":""},"tablet":{"background-color":"var(--ast-global-color-5)","background-image":"","background-repeat":"repeat","background-position":"center center","background-size":"auto","background-attachment":"scroll","background-type":"","background-media":"","overlay-type":"","overlay-color":"","overlay-opacity":"","overlay-gradient":""},"mobile":{"background-color":"var(--ast-global-color-5)","background-image":"","background-repeat":"repeat","background-position":"center center","background-size":"auto","background-attachment":"scroll","background-type":"","background-media":"","overlay-type":"","overlay-color":"","overlay-opacity":"","overlay-gradient":""}},"footnotes":""},"class_list":["post-823","page","type-page","status-publish","hentry"],"yoast_head":"<!-- This site is optimized with the Yoast SEO plugin v27.3 - https:\/\/yoast.com\/product\/yoast-seo-wordpress\/ -->\n<title>Eco Avenir Conseil Conseil en management QSE RSE<\/title>\n<meta name=\"description\" content=\"Eco Avenir Conseil est une soci\u00e9t\u00e9 de conseil en management Qualit\u00e9 S\u00e9curit\u00e9 Environnement proche de Toulouse\" \/>\n<meta name=\"robots\" content=\"index, follow, max-snippet:-1, max-image-preview:large, max-video-preview:-1\" \/>\n<link rel=\"canonical\" href=\"https:\/\/ecoavenirconseil.fr\/index.php\/conseil-qse-rse-toulouse\/\" \/>\n<meta property=\"og:locale\" content=\"fr_FR\" \/>\n<meta property=\"og:type\" content=\"article\" \/>\n<meta property=\"og:title\" content=\"Eco Avenir Conseil Conseil en management QSE RSE\" \/>\n<meta property=\"og:description\" content=\"Eco Avenir Conseil est une soci\u00e9t\u00e9 de conseil en management Qualit\u00e9 S\u00e9curit\u00e9 Environnement proche de Toulouse\" \/>\n<meta property=\"og:url\" content=\"https:\/\/ecoavenirconseil.fr\/index.php\/conseil-qse-rse-toulouse\/\" \/>\n<meta property=\"og:site_name\" content=\"Eco Avenir Conseil- Conseil en QSE RSE Toulouse\" \/>\n<meta property=\"article:publisher\" content=\"https:\/\/www.facebook.com\/EcoAvenirConseil\" \/>\n<meta property=\"article:modified_time\" content=\"2024-01-12T19:31:26+00:00\" \/>\n<meta name=\"twitter:card\" content=\"summary_large_image\" \/>\n<meta name=\"twitter:site\" content=\"@EcoAvenirConsei\" \/>\n<meta name=\"twitter:label1\" content=\"Dur\u00e9e de lecture estim\u00e9e\" \/>\n\t<meta name=\"twitter:data1\" content=\"3 minutes\" \/>\n<script type=\"application\/ld+json\" class=\"yoast-schema-graph\">{\"@context\":\"https:\\\/\\\/schema.org\",\"@graph\":[{\"@type\":\"WebPage\",\"@id\":\"https:\\\/\\\/ecoavenirconseil.fr\\\/index.php\\\/conseil-qse-rse-toulouse\\\/\",\"url\":\"https:\\\/\\\/ecoavenirconseil.fr\\\/index.php\\\/conseil-qse-rse-toulouse\\\/\",\"name\":\"Eco Avenir Conseil Conseil en management QSE RSE\",\"isPartOf\":{\"@id\":\"https:\\\/\\\/ecoavenirconseil.fr\\\/#website\"},\"datePublished\":\"2024-01-12T18:54:25+00:00\",\"dateModified\":\"2024-01-12T19:31:26+00:00\",\"description\":\"Eco Avenir Conseil est une soci\u00e9t\u00e9 de conseil en management Qualit\u00e9 S\u00e9curit\u00e9 Environnement proche de Toulouse\",\"breadcrumb\":{\"@id\":\"https:\\\/\\\/ecoavenirconseil.fr\\\/index.php\\\/conseil-qse-rse-toulouse\\\/#breadcrumb\"},\"inLanguage\":\"fr-FR\",\"potentialAction\":[{\"@type\":\"ReadAction\",\"target\":[\"https:\\\/\\\/ecoavenirconseil.fr\\\/index.php\\\/conseil-qse-rse-toulouse\\\/\"]}]},{\"@type\":\"BreadcrumbList\",\"@id\":\"https:\\\/\\\/ecoavenirconseil.fr\\\/index.php\\\/conseil-qse-rse-toulouse\\\/#breadcrumb\",\"itemListElement\":[{\"@type\":\"ListItem\",\"position\":1,\"name\":\"Accueil\",\"item\":\"https:\\\/\\\/ecoavenirconseil.fr\\\/\"},{\"@type\":\"ListItem\",\"position\":2,\"name\":\"Mentions l\u00e9gales\"}]},{\"@type\":\"WebSite\",\"@id\":\"https:\\\/\\\/ecoavenirconseil.fr\\\/#website\",\"url\":\"https:\\\/\\\/ecoavenirconseil.fr\\\/\",\"name\":\"Eco Avenir Conseil- Conseil en QSE RSE Toulouse\",\"description\":\"Cabinet conseil en Qualit\u00e9 S\u00e9curit\u00e9 Environnement RSE proche de Toulouse\",\"publisher\":{\"@id\":\"https:\\\/\\\/ecoavenirconseil.fr\\\/#organization\"},\"potentialAction\":[{\"@type\":\"SearchAction\",\"target\":{\"@type\":\"EntryPoint\",\"urlTemplate\":\"https:\\\/\\\/ecoavenirconseil.fr\\\/?s={search_term_string}\"},\"query-input\":{\"@type\":\"PropertyValueSpecification\",\"valueRequired\":true,\"valueName\":\"search_term_string\"}}],\"inLanguage\":\"fr-FR\"},{\"@type\":\"Organization\",\"@id\":\"https:\\\/\\\/ecoavenirconseil.fr\\\/#organization\",\"name\":\"Eco Avenir Conseil- Conseil en QSE RSE Toulouse\",\"url\":\"https:\\\/\\\/ecoavenirconseil.fr\\\/\",\"logo\":{\"@type\":\"ImageObject\",\"inLanguage\":\"fr-FR\",\"@id\":\"https:\\\/\\\/ecoavenirconseil.fr\\\/#\\\/schema\\\/logo\\\/image\\\/\",\"url\":\"https:\\\/\\\/ecoavenirconseil.fr\\\/wp-content\\\/uploads\\\/2021\\\/06\\\/cropped-Logo.png\",\"contentUrl\":\"https:\\\/\\\/ecoavenirconseil.fr\\\/wp-content\\\/uploads\\\/2021\\\/06\\\/cropped-Logo.png\",\"width\":177,\"height\":188,\"caption\":\"Eco Avenir Conseil- Conseil en QSE RSE Toulouse\"},\"image\":{\"@id\":\"https:\\\/\\\/ecoavenirconseil.fr\\\/#\\\/schema\\\/logo\\\/image\\\/\"},\"sameAs\":[\"https:\\\/\\\/www.facebook.com\\\/EcoAvenirConseil\",\"https:\\\/\\\/x.com\\\/EcoAvenirConsei\",\"https:\\\/\\\/www.linkedin.com\\\/company\\\/eco-avenir-conseil\"]}]}<\/script>\n<!-- \/ Yoast SEO plugin. -->","yoast_head_json":{"title":"Eco Avenir Conseil Conseil en management QSE RSE","description":"Eco Avenir Conseil est une soci\u00e9t\u00e9 de conseil en management Qualit\u00e9 S\u00e9curit\u00e9 Environnement proche de Toulouse","robots":{"index":"index","follow":"follow","max-snippet":"max-snippet:-1","max-image-preview":"max-image-preview:large","max-video-preview":"max-video-preview:-1"},"canonical":"https:\/\/ecoavenirconseil.fr\/index.php\/conseil-qse-rse-toulouse\/","og_locale":"fr_FR","og_type":"article","og_title":"Eco Avenir Conseil Conseil en management QSE RSE","og_description":"Eco Avenir Conseil est une soci\u00e9t\u00e9 de conseil en management Qualit\u00e9 S\u00e9curit\u00e9 Environnement proche de Toulouse","og_url":"https:\/\/ecoavenirconseil.fr\/index.php\/conseil-qse-rse-toulouse\/","og_site_name":"Eco Avenir Conseil- Conseil en QSE RSE Toulouse","article_publisher":"https:\/\/www.facebook.com\/EcoAvenirConseil","article_modified_time":"2024-01-12T19:31:26+00:00","twitter_card":"summary_large_image","twitter_site":"@EcoAvenirConsei","twitter_misc":{"Dur\u00e9e de lecture estim\u00e9e":"3 minutes"},"schema":{"@context":"https:\/\/schema.org","@graph":[{"@type":"WebPage","@id":"https:\/\/ecoavenirconseil.fr\/index.php\/conseil-qse-rse-toulouse\/","url":"https:\/\/ecoavenirconseil.fr\/index.php\/conseil-qse-rse-toulouse\/","name":"Eco Avenir Conseil Conseil en management QSE RSE","isPartOf":{"@id":"https:\/\/ecoavenirconseil.fr\/#website"},"datePublished":"2024-01-12T18:54:25+00:00","dateModified":"2024-01-12T19:31:26+00:00","description":"Eco Avenir Conseil est une soci\u00e9t\u00e9 de conseil en management Qualit\u00e9 S\u00e9curit\u00e9 Environnement proche de Toulouse","breadcrumb":{"@id":"https:\/\/ecoavenirconseil.fr\/index.php\/conseil-qse-rse-toulouse\/#breadcrumb"},"inLanguage":"fr-FR","potentialAction":[{"@type":"ReadAction","target":["https:\/\/ecoavenirconseil.fr\/index.php\/conseil-qse-rse-toulouse\/"]}]},{"@type":"BreadcrumbList","@id":"https:\/\/ecoavenirconseil.fr\/index.php\/conseil-qse-rse-toulouse\/#breadcrumb","itemListElement":[{"@type":"ListItem","position":1,"name":"Accueil","item":"https:\/\/ecoavenirconseil.fr\/"},{"@type":"ListItem","position":2,"name":"Mentions l\u00e9gales"}]},{"@type":"WebSite","@id":"https:\/\/ecoavenirconseil.fr\/#website","url":"https:\/\/ecoavenirconseil.fr\/","name":"Eco Avenir Conseil- Conseil en QSE RSE Toulouse","description":"Cabinet conseil en Qualit\u00e9 S\u00e9curit\u00e9 Environnement RSE proche de Toulouse","publisher":{"@id":"https:\/\/ecoavenirconseil.fr\/#organization"},"potentialAction":[{"@type":"SearchAction","target":{"@type":"EntryPoint","urlTemplate":"https:\/\/ecoavenirconseil.fr\/?s={search_term_string}"},"query-input":{"@type":"PropertyValueSpecification","valueRequired":true,"valueName":"search_term_string"}}],"inLanguage":"fr-FR"},{"@type":"Organization","@id":"https:\/\/ecoavenirconseil.fr\/#organization","name":"Eco Avenir Conseil- Conseil en QSE RSE Toulouse","url":"https:\/\/ecoavenirconseil.fr\/","logo":{"@type":"ImageObject","inLanguage":"fr-FR","@id":"https:\/\/ecoavenirconseil.fr\/#\/schema\/logo\/image\/","url":"https:\/\/ecoavenirconseil.fr\/wp-content\/uploads\/2021\/06\/cropped-Logo.png","contentUrl":"https:\/\/ecoavenirconseil.fr\/wp-content\/uploads\/2021\/06\/cropped-Logo.png","width":177,"height":188,"caption":"Eco Avenir Conseil- Conseil en QSE RSE Toulouse"},"image":{"@id":"https:\/\/ecoavenirconseil.fr\/#\/schema\/logo\/image\/"},"sameAs":["https:\/\/www.facebook.com\/EcoAvenirConseil","https:\/\/x.com\/EcoAvenirConsei","https:\/\/www.linkedin.com\/company\/eco-avenir-conseil"]}]}},"_links":{"self":[{"href":"https:\/\/ecoavenirconseil.fr\/index.php\/wp-json\/wp\/v2\/pages\/823","targetHints":{"allow":["GET"]}}],"collection":[{"href":"https:\/\/ecoavenirconseil.fr\/index.php\/wp-json\/wp\/v2\/pages"}],"about":[{"href":"https:\/\/ecoavenirconseil.fr\/index.php\/wp-json\/wp\/v2\/types\/page"}],"author":[{"embeddable":true,"href":"https:\/\/ecoavenirconseil.fr\/index.php\/wp-json\/wp\/v2\/users\/1"}],"replies":[{"embeddable":true,"href":"https:\/\/ecoavenirconseil.fr\/index.php\/wp-json\/wp\/v2\/comments?post=823"}],"version-history":[{"count":0,"href":"https:\/\/ecoavenirconseil.fr\/index.php\/wp-json\/wp\/v2\/pages\/823\/revisions"}],"wp:attachment":[{"href":"https:\/\/ecoavenirconseil.fr\/index.php\/wp-json\/wp\/v2\/media?parent=823"}],"curies":[{"name":"wp","href":"https:\/\/api.w.org\/{rel}","templated":true}]}}