{"id":930,"date":"2021-08-01T00:46:04","date_gmt":"2021-07-31T22:46:04","guid":{"rendered":"https:\/\/ecoavenirconseil.fr\/?page_id=930"},"modified":"2021-08-01T00:49:28","modified_gmt":"2021-07-31T22:49:28","slug":"management-de-lenergie-iso-50001","status":"publish","type":"page","link":"https:\/\/ecoavenirconseil.fr\/index.php\/management-de-lenergie-iso-50001\/","title":{"rendered":"management de l&rsquo;energie iso 50001"},"content":{"rendered":"\t\t<div data-elementor-type=\"wp-page\" data-elementor-id=\"930\" class=\"elementor elementor-930\" data-elementor-post-type=\"page\">\n\t\t\t\t\t\t<section class=\"elementor-section elementor-top-section elementor-element elementor-element-30ad49aa elementor-section-height-min-height elementor-section-boxed elementor-section-height-default elementor-section-items-middle\" data-id=\"30ad49aa\" data-element_type=\"section\" data-settings=\"{&quot;background_background&quot;:&quot;gradient&quot;,&quot;shape_divider_bottom&quot;:&quot;waves&quot;}\">\n\t\t\t\t\t\t\t<div class=\"elementor-background-overlay\"><\/div>\n\t\t\t\t\t\t<div class=\"elementor-shape elementor-shape-bottom\" aria-hidden=\"true\" data-negative=\"false\">\n\t\t\t<svg xmlns=\"http:\/\/www.w3.org\/2000\/svg\" viewBox=\"0 0 1000 100\" preserveAspectRatio=\"none\">\n\t<path class=\"elementor-shape-fill\" d=\"M421.9,6.5c22.6-2.5,51.5,0.4,75.5,5.3c23.6,4.9,70.9,23.5,100.5,35.7c75.8,32.2,133.7,44.5,192.6,49.7\n\tc23.6,2.1,48.7,3.5,103.4-2.5c54.7-6,106.2-25.6,106.2-25.6V0H0v30.3c0,0,72,32.6,158.4,30.5c39.2-0.7,92.8-6.7,134-22.4\n\tc21.2-8.1,52.2-18.2,79.7-24.2C399.3,7.9,411.6,7.5,421.9,6.5z\"\/>\n<\/svg>\t\t<\/div>\n\t\t\t\t\t<div class=\"elementor-container elementor-column-gap-default\">\n\t\t\t\t\t<div class=\"elementor-column elementor-col-100 elementor-top-column elementor-element elementor-element-3ffa738a\" data-id=\"3ffa738a\" data-element_type=\"column\">\n\t\t\t<div class=\"elementor-widget-wrap elementor-element-populated\">\n\t\t\t\t\t\t<div class=\"elementor-element elementor-element-12db80b elementor-widget elementor-widget-heading\" data-id=\"12db80b\" data-element_type=\"widget\" data-widget_type=\"heading.default\">\n\t\t\t\t<div class=\"elementor-widget-container\">\n\t\t\t\t\t<h1 class=\"elementor-heading-title elementor-size-default\">Management de l'energie iso 50001<\/h1>\t\t\t\t<\/div>\n\t\t\t\t<\/div>\n\t\t\t\t\t<\/div>\n\t\t<\/div>\n\t\t\t\t\t<\/div>\n\t\t<\/section>\n\t\t\t\t<section class=\"elementor-section elementor-top-section elementor-element elementor-element-6436b07b elementor-section-boxed elementor-section-height-default elementor-section-height-default\" data-id=\"6436b07b\" data-element_type=\"section\">\n\t\t\t\t\t\t<div class=\"elementor-container elementor-column-gap-default\">\n\t\t\t\t\t<div class=\"elementor-column elementor-col-100 elementor-top-column elementor-element elementor-element-536601b2\" data-id=\"536601b2\" data-element_type=\"column\">\n\t\t\t<div class=\"elementor-widget-wrap elementor-element-populated\">\n\t\t\t\t\t\t<div class=\"elementor-element elementor-element-31f8ba9b elementor-widget elementor-widget-text-editor\" data-id=\"31f8ba9b\" data-element_type=\"widget\" data-widget_type=\"text-editor.default\">\n\t\t\t\t<div class=\"elementor-widget-container\">\n\t\t\t\t\t\t\t\t\t<div id=\"blocks_128\" class=\"contenu_1_oneblock_default\"><p class=\"normal\">Se r\u00e9f\u00e9rant \u00e0 l<a href=\"https:\/\/www.legifrance.gouv.fr\/affichCode.do?idSectionTA=LEGISCTA000027718474&amp;cidTexte=LEGITEXT000023983208\" target=\"_blank\" rel=\"noopener\">\u2019article L233-1 du code de l\u2019environnement<\/a>\u00a0relatif aux audits \u00e9nerg\u00e9tiques et syst\u00e8mes de management de l&rsquo;\u00e9nergie, auditer ses usages \u00e9nerg\u00e9tiques est obligatoire aux entreprises de plus de 250 salari\u00e9s ou r\u00e9alisant un chiffre d\u2019affaires hors taxe annuel de plus de 50 millions d\u2019euros, ou un bilan de plus de 43 millions d\u2019euros.<\/p><p class=\"normal\">Les entreprises certifi\u00e9es\u00a0<a href=\"https:\/\/www.iso.org\/fr\/iso-50001-energy-management.html\" target=\"_blank\" rel=\"noopener\">ISO 50001<\/a>\u00a0sont exempt\u00e9es de cette obligation mais sont doublement\u00a0<a href=\"https:\/\/www.ceenergie.com\/\" target=\"_blank\" rel=\"noopener\">prim\u00e9es CEE<\/a>par le\u00a0<a href=\"https:\/\/www.developpement-durable.gouv.fr\/cee-dispositif-des-certificats-deconomies-denergie\" target=\"_blank\" rel=\"noopener\">Dispositif des Certificats d\u2019\u00e9conomies d\u2019\u00e9nergie<\/a>\u00a0, pour leur travaux d\u2019efficacit\u00e9 \u00e9nerg\u00e9tique, \u00e0 savoir :<\/p><ul><li><p>Anticiper la hausse du prix de l&rsquo;\u00e9nergie en augmentant votre efficacit\u00e9 \u00e9nerg\u00e9tique<\/p><\/li><li><p>Am\u00e9liorer votre\u00a0<a href=\"http:\/\/www.eco-avenir-conseil.com\/eco-conception-17.html\">performance environnementale<\/a>\u00a0et \u00e9nerg\u00e9tique<\/p><\/li><li><p>R\u00e9duire vos risques et vos co\u00fbts<\/p><\/li><li><p>Optimiser votre s\u00e9curit\u00e9 \u00e9nerg\u00e9tique<\/p><\/li><\/ul><p class=\"normal\">Dans cette perspective, notre cabinet de conseil en management QSE intervient aupr\u00e8s des entreprises et propose :<\/p><ul><li><p>Un accompagnement dans la mise en place d&rsquo;un syst\u00e8me de\u00a0<strong>management de l&rsquo;\u00e9nergie selon l&rsquo;ISO 50001<\/strong>\u00a0, adapt\u00e9e \u00e0 votre entreprise<\/p><\/li><li><p>La r\u00e9alisation de l&rsquo;audit \u00e0 blanc avant certification par un auditeur IRCA ISO 50001<\/p><\/li><li><p>Une\u00a0<a href=\"https:\/\/ecoavenirconseil.fr\/index.php\/conseils-et-accompagnements\/\">formation<\/a>\u00a0sur le syst\u00e8me de management de l&rsquo;\u00e9nergie ISO 50001<\/p><\/li><li><p>La r\u00e9alisation d\u2019un\u00a0<a href=\"https:\/\/ecoavenirconseil.fr\/index.php\/conseils-et-accompagnements\/\">diagnostic \u00e9nerg\u00e9tique<\/a>\u00a0initial, subventionn\u00e9 par l&rsquo;<a href=\"https:\/\/www.ademe.fr\/\" target=\"_blank\" rel=\"noopener\">ADEME (Agence de l&rsquo;environnement et de la ma\u00eetrise de l&rsquo;\u00e9nergie)<\/a>\u00a0en partenariat avec un organisme habilit\u00e9.<\/p><\/li><\/ul><\/div><div id=\"blocks_129\" class=\"contenu_1_oneblock_default\">\u00a0<\/div>\t\t\t\t\t\t\t\t<\/div>\n\t\t\t\t<\/div>\n\t\t\t\t\t<\/div>\n\t\t<\/div>\n\t\t\t\t\t<\/div>\n\t\t<\/section>\n\t\t\t\t<\/div>\n\t\t","protected":false},"excerpt":{"rendered":"<p>Management de l&rsquo;energie iso 50001 Se r\u00e9f\u00e9rant \u00e0 l\u2019article L233-1 du code de l\u2019environnement\u00a0relatif aux audits \u00e9nerg\u00e9tiques et syst\u00e8mes de management de l&rsquo;\u00e9nergie, auditer ses usages \u00e9nerg\u00e9tiques est obligatoire aux entreprises de plus de 250 salari\u00e9s ou r\u00e9alisant un chiffre d\u2019affaires hors taxe annuel de plus de 50 millions d\u2019euros, ou un bilan de plus [&hellip;]<\/p>\n","protected":false},"author":1,"featured_media":0,"parent":0,"menu_order":0,"comment_status":"closed","ping_status":"closed","template":"","meta":{"site-sidebar-layout":"no-sidebar","site-content-layout":"page-builder","ast-site-content-layout":"default","site-content-style":"default","site-sidebar-style":"default","ast-global-header-display":"","ast-banner-title-visibility":"","ast-main-header-display":"disabled","ast-hfb-above-header-display":"","ast-hfb-below-header-display":"","ast-hfb-mobile-header-display":"disabled","site-post-title":"disabled","ast-breadcrumbs-content":"disabled","ast-featured-img":"disabled","footer-sml-layout":"disabled","theme-transparent-header-meta":"default","adv-header-id-meta":"","stick-header-meta":"","header-above-stick-meta":"","header-main-stick-meta":"","header-below-stick-meta":"","astra-migrate-meta-layouts":"default","ast-page-background-enabled":"default","ast-page-background-meta":{"desktop":{"background-color":"","background-image":"","background-repeat":"repeat","background-position":"center center","background-size":"auto","background-attachment":"scroll","background-type":"","background-media":"","overlay-type":"","overlay-color":"","overlay-opacity":"","overlay-gradient":""},"tablet":{"background-color":"","background-image":"","background-repeat":"repeat","background-position":"center center","background-size":"auto","background-attachment":"scroll","background-type":"","background-media":"","overlay-type":"","overlay-color":"","overlay-opacity":"","overlay-gradient":""},"mobile":{"background-color":"","background-image":"","background-repeat":"repeat","background-position":"center center","background-size":"auto","background-attachment":"scroll","background-type":"","background-media":"","overlay-type":"","overlay-color":"","overlay-opacity":"","overlay-gradient":""}},"ast-content-background-meta":{"desktop":{"background-color":"var(--ast-global-color-5)","background-image":"","background-repeat":"repeat","background-position":"center center","background-size":"auto","background-attachment":"scroll","background-type":"","background-media":"","overlay-type":"","overlay-color":"","overlay-opacity":"","overlay-gradient":""},"tablet":{"background-color":"var(--ast-global-color-5)","background-image":"","background-repeat":"repeat","background-position":"center center","background-size":"auto","background-attachment":"scroll","background-type":"","background-media":"","overlay-type":"","overlay-color":"","overlay-opacity":"","overlay-gradient":""},"mobile":{"background-color":"var(--ast-global-color-5)","background-image":"","background-repeat":"repeat","background-position":"center center","background-size":"auto","background-attachment":"scroll","background-type":"","background-media":"","overlay-type":"","overlay-color":"","overlay-opacity":"","overlay-gradient":""}},"footnotes":""},"class_list":["post-930","page","type-page","status-publish","hentry"],"yoast_head":"<!-- This site is optimized with the Yoast SEO plugin v27.5 - https:\/\/yoast.com\/product\/yoast-seo-wordpress\/ -->\n<title>management de l&#039;energie iso 50001 | Eco Avenir Conseil- Conseil en QSE RSE Toulouse<\/title>\n<meta name=\"robots\" content=\"index, follow, max-snippet:-1, max-image-preview:large, max-video-preview:-1\" \/>\n<link rel=\"canonical\" href=\"https:\/\/ecoavenirconseil.fr\/index.php\/management-de-lenergie-iso-50001\/\" \/>\n<meta property=\"og:locale\" content=\"fr_FR\" \/>\n<meta property=\"og:type\" content=\"article\" \/>\n<meta property=\"og:title\" content=\"management de l&#039;energie iso 50001 | Eco Avenir Conseil- Conseil en QSE RSE Toulouse\" \/>\n<meta property=\"og:description\" content=\"Management de l&rsquo;energie iso 50001 Se r\u00e9f\u00e9rant \u00e0 l\u2019article L233-1 du code de l\u2019environnement\u00a0relatif aux audits \u00e9nerg\u00e9tiques et syst\u00e8mes de management de l&rsquo;\u00e9nergie, auditer ses usages \u00e9nerg\u00e9tiques est obligatoire aux entreprises de plus de 250 salari\u00e9s ou r\u00e9alisant un chiffre d\u2019affaires hors taxe annuel de plus de 50 millions d\u2019euros, ou un bilan de plus [&hellip;]\" \/>\n<meta property=\"og:url\" content=\"https:\/\/ecoavenirconseil.fr\/index.php\/management-de-lenergie-iso-50001\/\" \/>\n<meta property=\"og:site_name\" content=\"Eco Avenir Conseil- Conseil en QSE RSE Toulouse\" \/>\n<meta property=\"article:publisher\" content=\"https:\/\/www.facebook.com\/EcoAvenirConseil\" \/>\n<meta property=\"article:modified_time\" content=\"2021-07-31T22:49:28+00:00\" \/>\n<meta name=\"twitter:card\" content=\"summary_large_image\" \/>\n<meta name=\"twitter:site\" content=\"@EcoAvenirConsei\" \/>\n<meta name=\"twitter:label1\" content=\"Dur\u00e9e de lecture estim\u00e9e\" \/>\n\t<meta name=\"twitter:data1\" content=\"1 minute\" \/>\n<script type=\"application\/ld+json\" class=\"yoast-schema-graph\">{\"@context\":\"https:\\\/\\\/schema.org\",\"@graph\":[{\"@type\":\"WebPage\",\"@id\":\"https:\\\/\\\/ecoavenirconseil.fr\\\/index.php\\\/management-de-lenergie-iso-50001\\\/\",\"url\":\"https:\\\/\\\/ecoavenirconseil.fr\\\/index.php\\\/management-de-lenergie-iso-50001\\\/\",\"name\":\"management de l'energie iso 50001 | Eco Avenir Conseil- Conseil en QSE RSE Toulouse\",\"isPartOf\":{\"@id\":\"https:\\\/\\\/ecoavenirconseil.fr\\\/#website\"},\"datePublished\":\"2021-07-31T22:46:04+00:00\",\"dateModified\":\"2021-07-31T22:49:28+00:00\",\"breadcrumb\":{\"@id\":\"https:\\\/\\\/ecoavenirconseil.fr\\\/index.php\\\/management-de-lenergie-iso-50001\\\/#breadcrumb\"},\"inLanguage\":\"fr-FR\",\"potentialAction\":[{\"@type\":\"ReadAction\",\"target\":[\"https:\\\/\\\/ecoavenirconseil.fr\\\/index.php\\\/management-de-lenergie-iso-50001\\\/\"]}]},{\"@type\":\"BreadcrumbList\",\"@id\":\"https:\\\/\\\/ecoavenirconseil.fr\\\/index.php\\\/management-de-lenergie-iso-50001\\\/#breadcrumb\",\"itemListElement\":[{\"@type\":\"ListItem\",\"position\":1,\"name\":\"Accueil\",\"item\":\"https:\\\/\\\/ecoavenirconseil.fr\\\/\"},{\"@type\":\"ListItem\",\"position\":2,\"name\":\"management de l&rsquo;energie iso 50001\"}]},{\"@type\":\"WebSite\",\"@id\":\"https:\\\/\\\/ecoavenirconseil.fr\\\/#website\",\"url\":\"https:\\\/\\\/ecoavenirconseil.fr\\\/\",\"name\":\"Eco Avenir Conseil- Conseil en QSE RSE Toulouse\",\"description\":\"Cabinet conseil en Qualit\u00e9 S\u00e9curit\u00e9 Environnement RSE proche de Toulouse\",\"publisher\":{\"@id\":\"https:\\\/\\\/ecoavenirconseil.fr\\\/#organization\"},\"potentialAction\":[{\"@type\":\"SearchAction\",\"target\":{\"@type\":\"EntryPoint\",\"urlTemplate\":\"https:\\\/\\\/ecoavenirconseil.fr\\\/?s={search_term_string}\"},\"query-input\":{\"@type\":\"PropertyValueSpecification\",\"valueRequired\":true,\"valueName\":\"search_term_string\"}}],\"inLanguage\":\"fr-FR\"},{\"@type\":\"Organization\",\"@id\":\"https:\\\/\\\/ecoavenirconseil.fr\\\/#organization\",\"name\":\"Eco Avenir Conseil- Conseil en QSE RSE Toulouse\",\"url\":\"https:\\\/\\\/ecoavenirconseil.fr\\\/\",\"logo\":{\"@type\":\"ImageObject\",\"inLanguage\":\"fr-FR\",\"@id\":\"https:\\\/\\\/ecoavenirconseil.fr\\\/#\\\/schema\\\/logo\\\/image\\\/\",\"url\":\"https:\\\/\\\/ecoavenirconseil.fr\\\/wp-content\\\/uploads\\\/2021\\\/06\\\/cropped-Logo.png\",\"contentUrl\":\"https:\\\/\\\/ecoavenirconseil.fr\\\/wp-content\\\/uploads\\\/2021\\\/06\\\/cropped-Logo.png\",\"width\":177,\"height\":188,\"caption\":\"Eco Avenir Conseil- Conseil en QSE RSE Toulouse\"},\"image\":{\"@id\":\"https:\\\/\\\/ecoavenirconseil.fr\\\/#\\\/schema\\\/logo\\\/image\\\/\"},\"sameAs\":[\"https:\\\/\\\/www.facebook.com\\\/EcoAvenirConseil\",\"https:\\\/\\\/x.com\\\/EcoAvenirConsei\",\"https:\\\/\\\/www.linkedin.com\\\/company\\\/eco-avenir-conseil\"]}]}<\/script>\n<!-- \/ Yoast SEO plugin. -->","yoast_head_json":{"title":"management de l'energie iso 50001 | Eco Avenir Conseil- Conseil en QSE RSE Toulouse","robots":{"index":"index","follow":"follow","max-snippet":"max-snippet:-1","max-image-preview":"max-image-preview:large","max-video-preview":"max-video-preview:-1"},"canonical":"https:\/\/ecoavenirconseil.fr\/index.php\/management-de-lenergie-iso-50001\/","og_locale":"fr_FR","og_type":"article","og_title":"management de l'energie iso 50001 | Eco Avenir Conseil- Conseil en QSE RSE Toulouse","og_description":"Management de l&rsquo;energie iso 50001 Se r\u00e9f\u00e9rant \u00e0 l\u2019article L233-1 du code de l\u2019environnement\u00a0relatif aux audits \u00e9nerg\u00e9tiques et syst\u00e8mes de management de l&rsquo;\u00e9nergie, auditer ses usages \u00e9nerg\u00e9tiques est obligatoire aux entreprises de plus de 250 salari\u00e9s ou r\u00e9alisant un chiffre d\u2019affaires hors taxe annuel de plus de 50 millions d\u2019euros, ou un bilan de plus [&hellip;]","og_url":"https:\/\/ecoavenirconseil.fr\/index.php\/management-de-lenergie-iso-50001\/","og_site_name":"Eco Avenir Conseil- Conseil en QSE RSE Toulouse","article_publisher":"https:\/\/www.facebook.com\/EcoAvenirConseil","article_modified_time":"2021-07-31T22:49:28+00:00","twitter_card":"summary_large_image","twitter_site":"@EcoAvenirConsei","twitter_misc":{"Dur\u00e9e de lecture estim\u00e9e":"1 minute"},"schema":{"@context":"https:\/\/schema.org","@graph":[{"@type":"WebPage","@id":"https:\/\/ecoavenirconseil.fr\/index.php\/management-de-lenergie-iso-50001\/","url":"https:\/\/ecoavenirconseil.fr\/index.php\/management-de-lenergie-iso-50001\/","name":"management de l'energie iso 50001 | Eco Avenir Conseil- Conseil en QSE RSE Toulouse","isPartOf":{"@id":"https:\/\/ecoavenirconseil.fr\/#website"},"datePublished":"2021-07-31T22:46:04+00:00","dateModified":"2021-07-31T22:49:28+00:00","breadcrumb":{"@id":"https:\/\/ecoavenirconseil.fr\/index.php\/management-de-lenergie-iso-50001\/#breadcrumb"},"inLanguage":"fr-FR","potentialAction":[{"@type":"ReadAction","target":["https:\/\/ecoavenirconseil.fr\/index.php\/management-de-lenergie-iso-50001\/"]}]},{"@type":"BreadcrumbList","@id":"https:\/\/ecoavenirconseil.fr\/index.php\/management-de-lenergie-iso-50001\/#breadcrumb","itemListElement":[{"@type":"ListItem","position":1,"name":"Accueil","item":"https:\/\/ecoavenirconseil.fr\/"},{"@type":"ListItem","position":2,"name":"management de l&rsquo;energie iso 50001"}]},{"@type":"WebSite","@id":"https:\/\/ecoavenirconseil.fr\/#website","url":"https:\/\/ecoavenirconseil.fr\/","name":"Eco Avenir Conseil- Conseil en QSE RSE Toulouse","description":"Cabinet conseil en Qualit\u00e9 S\u00e9curit\u00e9 Environnement RSE proche de Toulouse","publisher":{"@id":"https:\/\/ecoavenirconseil.fr\/#organization"},"potentialAction":[{"@type":"SearchAction","target":{"@type":"EntryPoint","urlTemplate":"https:\/\/ecoavenirconseil.fr\/?s={search_term_string}"},"query-input":{"@type":"PropertyValueSpecification","valueRequired":true,"valueName":"search_term_string"}}],"inLanguage":"fr-FR"},{"@type":"Organization","@id":"https:\/\/ecoavenirconseil.fr\/#organization","name":"Eco Avenir Conseil- Conseil en QSE RSE Toulouse","url":"https:\/\/ecoavenirconseil.fr\/","logo":{"@type":"ImageObject","inLanguage":"fr-FR","@id":"https:\/\/ecoavenirconseil.fr\/#\/schema\/logo\/image\/","url":"https:\/\/ecoavenirconseil.fr\/wp-content\/uploads\/2021\/06\/cropped-Logo.png","contentUrl":"https:\/\/ecoavenirconseil.fr\/wp-content\/uploads\/2021\/06\/cropped-Logo.png","width":177,"height":188,"caption":"Eco Avenir Conseil- Conseil en QSE RSE Toulouse"},"image":{"@id":"https:\/\/ecoavenirconseil.fr\/#\/schema\/logo\/image\/"},"sameAs":["https:\/\/www.facebook.com\/EcoAvenirConseil","https:\/\/x.com\/EcoAvenirConsei","https:\/\/www.linkedin.com\/company\/eco-avenir-conseil"]}]}},"_links":{"self":[{"href":"https:\/\/ecoavenirconseil.fr\/index.php\/wp-json\/wp\/v2\/pages\/930","targetHints":{"allow":["GET"]}}],"collection":[{"href":"https:\/\/ecoavenirconseil.fr\/index.php\/wp-json\/wp\/v2\/pages"}],"about":[{"href":"https:\/\/ecoavenirconseil.fr\/index.php\/wp-json\/wp\/v2\/types\/page"}],"author":[{"embeddable":true,"href":"https:\/\/ecoavenirconseil.fr\/index.php\/wp-json\/wp\/v2\/users\/1"}],"replies":[{"embeddable":true,"href":"https:\/\/ecoavenirconseil.fr\/index.php\/wp-json\/wp\/v2\/comments?post=930"}],"version-history":[{"count":0,"href":"https:\/\/ecoavenirconseil.fr\/index.php\/wp-json\/wp\/v2\/pages\/930\/revisions"}],"wp:attachment":[{"href":"https:\/\/ecoavenirconseil.fr\/index.php\/wp-json\/wp\/v2\/media?parent=930"}],"curies":[{"name":"wp","href":"https:\/\/api.w.org\/{rel}","templated":true}]}}